{"id":182,"date":"2020-06-01T11:24:10","date_gmt":"2020-06-01T10:24:10","guid":{"rendered":"https:\/\/www.lilac-project.com\/ga\/?page_id=182"},"modified":"2021-11-02T09:30:07","modified_gmt":"2021-11-02T09:30:07","slug":"teachers-the-module","status":"publish","type":"page","link":"https:\/\/www.lilac-project.com\/ga\/teachers\/teachers-the-module\/","title":{"rendered":"M\u00fainteoir\u00ed: An Mod\u00fal"},"content":{"rendered":"<div data-elementor-type=\"wp-page\" data-elementor-id=\"182\" class=\"elementor elementor-182\">\n\t\t\t\t\t\t<section class=\"elementor-section elementor-top-section elementor-element elementor-element-192995d elementor-section-boxed elementor-section-height-default elementor-section-height-default\" data-id=\"192995d\" data-element_type=\"section\" data-e-type=\"section\">\n\t\t\t\t\t\t<div class=\"elementor-container elementor-column-gap-default\">\n\t\t\t\t\t<div class=\"elementor-column elementor-col-100 elementor-top-column elementor-element elementor-element-304d884\" data-id=\"304d884\" data-element_type=\"column\" data-e-type=\"column\">\n\t\t\t<div class=\"elementor-widget-wrap elementor-element-populated\">\n\t\t\t\t\t\t<div class=\"elementor-element elementor-element-06e6619 elementor-widget elementor-widget-heading\" data-id=\"06e6619\" data-element_type=\"widget\" data-e-type=\"widget\" data-widget_type=\"heading.default\">\n\t\t\t\t<div class=\"elementor-widget-container\">\n\t\t\t\t\t<h2 class=\"elementor-heading-title elementor-size-default\">F\u00e9ach ar an bhf\u00edse\u00e1n tosaigh!<\/h2>\t\t\t\t<\/div>\n\t\t\t\t<\/div>\n\t\t\t\t<div class=\"elementor-element elementor-element-f2c5c22 elementor-widget elementor-widget-video\" data-id=\"f2c5c22\" data-element_type=\"widget\" data-e-type=\"widget\" data-settings=\"{&quot;youtube_url&quot;:&quot;https:\\\/\\\/youtu.be\\\/oI2mWxX-nKE&quot;,&quot;video_type&quot;:&quot;youtube&quot;,&quot;controls&quot;:&quot;yes&quot;}\" data-widget_type=\"video.default\">\n\t\t\t\t<div class=\"elementor-widget-container\">\n\t\t\t\t\t\t\t<div class=\"elementor-wrapper elementor-open-inline\">\n\t\t\t<div class=\"elementor-video\"><\/div>\t\t<\/div>\n\t\t\t\t\t\t<\/div>\n\t\t\t\t<\/div>\n\t\t\t\t\t<\/div>\n\t\t<\/div>\n\t\t\t\t\t<\/div>\n\t\t<\/section>\n\t\t\t\t<section class=\"elementor-section elementor-top-section elementor-element elementor-element-540ed9a elementor-section-boxed elementor-section-height-default elementor-section-height-default\" data-id=\"540ed9a\" data-element_type=\"section\" data-e-type=\"section\">\n\t\t\t\t\t\t<div class=\"elementor-container elementor-column-gap-default\">\n\t\t\t\t\t<div class=\"elementor-column elementor-col-100 elementor-top-column elementor-element elementor-element-6567fac\" data-id=\"6567fac\" data-element_type=\"column\" data-e-type=\"column\">\n\t\t\t<div class=\"elementor-widget-wrap elementor-element-populated\">\n\t\t\t\t\t\t<div class=\"elementor-element elementor-element-eaa4836 elementor-widget elementor-widget-heading\" data-id=\"eaa4836\" data-element_type=\"widget\" data-e-type=\"widget\" data-widget_type=\"heading.default\">\n\t\t\t\t<div class=\"elementor-widget-container\">\n\t\t\t\t\t<h2 class=\"elementor-heading-title elementor-size-default\">The tree map<\/h2>\t\t\t\t<\/div>\n\t\t\t\t<\/div>\n\t\t\t\t<div class=\"elementor-element elementor-element-2973583 elementor-widget elementor-widget-text-editor\" data-id=\"2973583\" data-element_type=\"widget\" data-e-type=\"widget\" data-widget_type=\"text-editor.default\">\n\t\t\t\t<div class=\"elementor-widget-container\">\n\t\t\t\t\t\t\t\t\t<h4><span style=\"color: #000000;\">Welcome to our <strong>LILAC module for teachers<\/strong>!<\/span><\/h4><section data-id=\"8ed6ddd\" data-element_type=\"section\"><div data-id=\"6631048\" data-element_type=\"column\"><div data-id=\"99d831a\" data-element_type=\"widget\" data-widget_type=\"text-editor.default\"><p><span style=\"color: #000000;\">In this module, we will reflect on the transition from classroom-based to online language teaching and on the skills and competencies required to become an effective online language teacher.\u00a0<\/span><\/p><p><span style=\"color: #000000;\">To move online\u00a0successfully\u00a0\u00a0you should start by (re)activating your digital skills,\u00a0 which, like the roots of a tree, lay the foundations for this transition.\u00a0 Digital skills are fostered by organisational skills, which, like vital nourishment, sustain your work and your different roles, while also and helping you to expand and renew your pedagogical, social and evaluative competencies.<\/span><\/p><p><span style=\"color: #000000;\">Our\u00a0<strong>TREE MAP<\/strong>\u00a0 (see image) illustrates suggested elements of this transition.<\/span><\/p><\/div><\/div><\/section>\t\t\t\t\t\t\t\t<\/div>\n\t\t\t\t<\/div>\n\t\t\t\t\t<\/div>\n\t\t<\/div>\n\t\t\t\t\t<\/div>\n\t\t<\/section>\n\t\t\t\t<section class=\"elementor-section elementor-top-section elementor-element elementor-element-53b934a elementor-section-boxed elementor-section-height-default elementor-section-height-default\" data-id=\"53b934a\" data-element_type=\"section\" data-e-type=\"section\">\n\t\t\t\t\t\t<div class=\"elementor-container elementor-column-gap-default\">\n\t\t\t\t\t<div class=\"elementor-column elementor-col-100 elementor-top-column elementor-element elementor-element-9167935\" data-id=\"9167935\" data-element_type=\"column\" data-e-type=\"column\">\n\t\t\t<div class=\"elementor-widget-wrap elementor-element-populated\">\n\t\t\t\t\t\t<div class=\"elementor-element elementor-element-9323f2b elementor-widget elementor-widget-text-editor\" data-id=\"9323f2b\" data-element_type=\"widget\" data-e-type=\"widget\" data-widget_type=\"text-editor.default\">\n\t\t\t\t<div class=\"elementor-widget-container\">\n\t\t\t\t\t\t\t\t\t<div style=\"width: 100%;\"><div style=\"position: relative; padding-bottom: 140.20%; padding-top: 0; height: 0;\"><iframe frameborder=\"0\" width=\"796\" height=\"1116\" style=\"position: absolute; top: 0; left: 0; width: 100%; height: 100%;\" src=\"https:\/\/view.genial.ly\/5efcf71dccae930d8228e08a\" type=\"text\/html\" allowscriptaccess=\"always\" allowfullscreen=\"true\" scrolling=\"yes\" allownetworking=\"all\"><\/iframe> <\/div> <\/div>\t\t\t\t\t\t\t\t<\/div>\n\t\t\t\t<\/div>\n\t\t\t\t\t<\/div>\n\t\t<\/div>\n\t\t\t\t\t<\/div>\n\t\t<\/section>\n\t\t\t\t<section class=\"elementor-section elementor-top-section elementor-element elementor-element-59598a1 elementor-section-boxed elementor-section-height-default elementor-section-height-default\" data-id=\"59598a1\" data-element_type=\"section\" data-e-type=\"section\">\n\t\t\t\t\t\t<div class=\"elementor-container elementor-column-gap-default\">\n\t\t\t\t\t<div class=\"elementor-column elementor-col-100 elementor-top-column elementor-element elementor-element-8aa2200\" data-id=\"8aa2200\" data-element_type=\"column\" data-e-type=\"column\">\n\t\t\t<div class=\"elementor-widget-wrap elementor-element-populated\">\n\t\t\t\t\t\t<div class=\"elementor-element elementor-element-1e12e19 elementor-widget elementor-widget-heading\" data-id=\"1e12e19\" data-element_type=\"widget\" data-e-type=\"widget\" data-widget_type=\"heading.default\">\n\t\t\t\t<div class=\"elementor-widget-container\">\n\t\t\t\t\t<h2 class=\"elementor-heading-title elementor-size-default\">The tree map explained<\/h2>\t\t\t\t<\/div>\n\t\t\t\t<\/div>\n\t\t\t\t<div class=\"elementor-element elementor-element-3bd877e elementor-widget elementor-widget-text-editor\" data-id=\"3bd877e\" data-element_type=\"widget\" data-e-type=\"widget\" data-widget_type=\"text-editor.default\">\n\t\t\t\t<div class=\"elementor-widget-container\">\n\t\t\t\t\t\t\t\t\t<p><span style=\"color: #000000;\">To successfully move to e-teaching, you should activate your digital skills (<em>the gearwheel<\/em>) which, like the\u00a0<em>roots of a tree<\/em>, lay the foundations for this transition.\u00a0 Digital skills are fostered by the organisational skills which, like vital\u00a0<em>nourishment<\/em>, sustain your language teaching awareness, your social and pedagogical roles as well as your assessor role, all elements of paramount importance in online teaching and learning.\u00a0<\/span><\/p>\t\t\t\t\t\t\t\t<\/div>\n\t\t\t\t<\/div>\n\t\t\t\t\t<\/div>\n\t\t<\/div>\n\t\t\t\t\t<\/div>\n\t\t<\/section>\n\t\t\t\t<section class=\"elementor-section elementor-top-section elementor-element elementor-element-e855eb0 elementor-section-boxed elementor-section-height-default elementor-section-height-default\" data-id=\"e855eb0\" data-element_type=\"section\" data-e-type=\"section\">\n\t\t\t\t\t\t<div class=\"elementor-container elementor-column-gap-default\">\n\t\t\t\t\t<div class=\"elementor-column elementor-col-100 elementor-top-column elementor-element elementor-element-32d679f\" data-id=\"32d679f\" data-element_type=\"column\" data-e-type=\"column\">\n\t\t\t<div class=\"elementor-widget-wrap elementor-element-populated\">\n\t\t\t\t\t\t<div class=\"elementor-element elementor-element-210253e elementor-widget elementor-widget-heading\" data-id=\"210253e\" data-element_type=\"widget\" data-e-type=\"widget\" data-widget_type=\"heading.default\">\n\t\t\t\t<div class=\"elementor-widget-container\">\n\t\t\t\t\t<h2 class=\"elementor-heading-title elementor-size-default\">The structure<\/h2>\t\t\t\t<\/div>\n\t\t\t\t<\/div>\n\t\t\t\t<div class=\"elementor-element elementor-element-ccaf049 elementor-widget elementor-widget-text-editor\" data-id=\"ccaf049\" data-element_type=\"widget\" data-e-type=\"widget\" data-widget_type=\"text-editor.default\">\n\t\t\t\t<div class=\"elementor-widget-container\">\n\t\t\t\t\t\t\t\t\t<p><span style=\"color: #000000;\">The <strong>Teachers&#8217; module<\/strong>\u00a0comprises of\u00a0<strong>5 units<\/strong>. Each unit focuses on a specific aspect of e-learning and is divided into<strong>\u00a0lessons<\/strong>. The content in each unit and lesson is totally autonomous and independent. So feel free to\u00a0\u00a0follow the suggested sequential order (from Unit 1 to Unit 5) or\u00a0jump around the units\/ lessons to delve into aspects of particular interest to you.\u00a0<\/span><span style=\"color: #000000; font-family: Lato, sans-serif; font-size: 14px; font-style: normal; font-variant-ligatures: normal; font-variant-caps: normal; font-weight: 400;\">All lessons have been designed to be visually appealing and as highly engaging as possible through the use of\u00a0 innovative educational tools and software programmes such as H5P, Genially and Canva.\u00a0<\/span><\/p><p style=\"font-variant-ligatures: normal; font-variant-caps: normal; font-family: Lato, sans-serif; font-size: 14px; font-style: normal;\"><span style=\"font-size: 14px; color: #000000;\">At the end of each Unit, you will find a <b>final quiz<\/b> to self-assess your learning. You will receive immediate, automatic feedback on your answers and you can take each quiz as many times as you wish.<\/span><\/p><p style=\"font-variant-ligatures: normal; font-variant-caps: normal; font-family: Lato, sans-serif; font-size: 14px; font-style: normal; font-weight: 400;\"><span style=\"font-size: 14px; color: #000000;\">Before starting with the module, take a virtual tour of our interactive glossary of <span style=\"font-size: 14px; font-weight: 600;\"><a style=\"font-size: 14px;\" href=\"https:\/\/www.lilac-project.com\/ga\/e-learning-terminology-for-teachers\/\">e-learning terminology for teachers<\/a><\/span> which gives you an overview of the most commonly used e-learning terms<\/span><span style=\"font-size: 14px; color: #000000;\">.<\/span><\/p>\t\t\t\t\t\t\t\t<\/div>\n\t\t\t\t<\/div>\n\t\t\t\t\t<\/div>\n\t\t<\/div>\n\t\t\t\t\t<\/div>\n\t\t<\/section>\n\t\t\t\t<section class=\"elementor-section elementor-top-section elementor-element elementor-element-2029071 elementor-section-boxed elementor-section-height-default elementor-section-height-default\" data-id=\"2029071\" data-element_type=\"section\" data-e-type=\"section\">\n\t\t\t\t\t\t<div class=\"elementor-container elementor-column-gap-default\">\n\t\t\t\t\t<div class=\"elementor-column elementor-col-100 elementor-top-column elementor-element elementor-element-aa7dc40\" data-id=\"aa7dc40\" data-element_type=\"column\" data-e-type=\"column\">\n\t\t\t<div class=\"elementor-widget-wrap elementor-element-populated\">\n\t\t\t\t\t\t<div class=\"elementor-element elementor-element-f6e622f elementor-widget elementor-widget-heading\" data-id=\"f6e622f\" data-element_type=\"widget\" data-e-type=\"widget\" data-widget_type=\"heading.default\">\n\t\t\t\t<div class=\"elementor-widget-container\">\n\t\t\t\t\t<h2 class=\"elementor-heading-title elementor-size-default\">Are you ready?<\/h2>\t\t\t\t<\/div>\n\t\t\t\t<\/div>\n\t\t\t\t<div class=\"elementor-element elementor-element-1d5fe93 elementor-widget elementor-widget-text-editor\" data-id=\"1d5fe93\" data-element_type=\"widget\" data-e-type=\"widget\" data-widget_type=\"text-editor.default\">\n\t\t\t\t<div class=\"elementor-widget-container\">\n\t\t\t\t\t\t\t\t\t<p style=\"font-variant-ligatures: normal; font-variant-caps: normal; font-family: Lato, sans-serif; font-size: 14px; font-style: normal; font-weight: 400;\"><span style=\"font-size: 14px; color: #000000;\">To browse through the units quickly, click\/tap on the interactive\u00a0<span style=\"font-size: 14px; font-weight: 600;\">Tree Map<\/span>\u00a0picture, which acts as a visual table of contents, or use the\u00a0<span style=\"font-size: 14px; font-weight: 600;\">main menu<\/span>.<\/span><\/p>\t\t\t\t\t\t\t\t<\/div>\n\t\t\t\t<\/div>\n\t\t\t\t\t<\/div>\n\t\t<\/div>\n\t\t\t\t\t<\/div>\n\t\t<\/section>\n\t\t\t\t<\/div>","protected":false},"excerpt":{"rendered":"<p>F\u00e9ach ar an bhf\u00edse\u00e1n tosaigh! The tree map Welcome to our LILAC module for teachers! In this module, we will reflect on the transition from classroom-based to online language teaching and on the skills and competencies required to become an effective online language teacher.\u00a0 To move online\u00a0successfully\u00a0\u00a0you should start by (re)activating your digital skills,\u00a0 which, [&hellip;]<\/p>\n","protected":false},"author":1,"featured_media":0,"parent":12,"menu_order":1,"comment_status":"closed","ping_status":"closed","template":"","meta":{"_monsterinsights_skip_tracking":false,"_monsterinsights_sitenote_active":false,"_monsterinsights_sitenote_note":"","_monsterinsights_sitenote_category":0,"ocean_post_layout":"","ocean_both_sidebars_style":"","ocean_both_sidebars_content_width":0,"ocean_both_sidebars_sidebars_width":0,"ocean_sidebar":"0","ocean_second_sidebar":"0","ocean_disable_margins":"enable","ocean_add_body_class":"","ocean_shortcode_before_top_bar":"","ocean_shortcode_after_top_bar":"","ocean_shortcode_before_header":"","ocean_shortcode_after_header":"","ocean_has_shortcode":"","ocean_shortcode_after_title":"","ocean_shortcode_before_footer_widgets":"","ocean_shortcode_after_footer_widgets":"","ocean_shortcode_before_footer_bottom":"","ocean_shortcode_after_footer_bottom":"","ocean_display_top_bar":"default","ocean_display_header":"default","ocean_header_style":"","ocean_center_header_left_menu":"0","ocean_custom_header_template":"0","ocean_custom_logo":0,"ocean_custom_retina_logo":0,"ocean_custom_logo_max_width":0,"ocean_custom_logo_tablet_max_width":0,"ocean_custom_logo_mobile_max_width":0,"ocean_custom_logo_max_height":0,"ocean_custom_logo_tablet_max_height":0,"ocean_custom_logo_mobile_max_height":0,"ocean_header_custom_menu":"0","ocean_menu_typo_font_family":"0","ocean_menu_typo_font_subset":"","ocean_menu_typo_font_size":0,"ocean_menu_typo_font_size_tablet":0,"ocean_menu_typo_font_size_mobile":0,"ocean_menu_typo_font_size_unit":"px","ocean_menu_typo_font_weight":"","ocean_menu_typo_font_weight_tablet":"","ocean_menu_typo_font_weight_mobile":"","ocean_menu_typo_transform":"","ocean_menu_typo_transform_tablet":"","ocean_menu_typo_transform_mobile":"","ocean_menu_typo_line_height":0,"ocean_menu_typo_line_height_tablet":0,"ocean_menu_typo_line_height_mobile":0,"ocean_menu_typo_line_height_unit":"","ocean_menu_typo_spacing":0,"ocean_menu_typo_spacing_tablet":0,"ocean_menu_typo_spacing_mobile":0,"ocean_menu_typo_spacing_unit":"","ocean_menu_link_color":"","ocean_menu_link_color_hover":"","ocean_menu_link_color_active":"","ocean_menu_link_background":"","ocean_menu_link_hover_background":"","ocean_menu_link_active_background":"","ocean_menu_social_links_bg":"","ocean_menu_social_hover_links_bg":"","ocean_menu_social_links_color":"","ocean_menu_social_hover_links_color":"","ocean_disable_title":"default","ocean_disable_heading":"default","ocean_post_title":"","ocean_post_subheading":"","ocean_post_title_style":"","ocean_post_title_background_color":"","ocean_post_title_background":0,"ocean_post_title_bg_image_position":"","ocean_post_title_bg_image_attachment":"","ocean_post_title_bg_image_repeat":"","ocean_post_title_bg_image_size":"","ocean_post_title_height":0,"ocean_post_title_bg_overlay":0.5,"ocean_post_title_bg_overlay_color":"","ocean_disable_breadcrumbs":"default","ocean_breadcrumbs_color":"","ocean_breadcrumbs_separator_color":"","ocean_breadcrumbs_links_color":"","ocean_breadcrumbs_links_hover_color":"","ocean_display_footer_widgets":"default","ocean_display_footer_bottom":"default","ocean_custom_footer_template":"0","footnotes":""},"class_list":["post-182","page","type-page","status-publish","hentry","entry"],"_links":{"self":[{"href":"https:\/\/www.lilac-project.com\/ga\/wp-json\/wp\/v2\/pages\/182","targetHints":{"allow":["GET"]}}],"collection":[{"href":"https:\/\/www.lilac-project.com\/ga\/wp-json\/wp\/v2\/pages"}],"about":[{"href":"https:\/\/www.lilac-project.com\/ga\/wp-json\/wp\/v2\/types\/page"}],"author":[{"embeddable":true,"href":"https:\/\/www.lilac-project.com\/ga\/wp-json\/wp\/v2\/users\/1"}],"replies":[{"embeddable":true,"href":"https:\/\/www.lilac-project.com\/ga\/wp-json\/wp\/v2\/comments?post=182"}],"version-history":[{"count":76,"href":"https:\/\/www.lilac-project.com\/ga\/wp-json\/wp\/v2\/pages\/182\/revisions"}],"predecessor-version":[{"id":6269,"href":"https:\/\/www.lilac-project.com\/ga\/wp-json\/wp\/v2\/pages\/182\/revisions\/6269"}],"up":[{"embeddable":true,"href":"https:\/\/www.lilac-project.com\/ga\/wp-json\/wp\/v2\/pages\/12"}],"wp:attachment":[{"href":"https:\/\/www.lilac-project.com\/ga\/wp-json\/wp\/v2\/media?parent=182"}],"curies":[{"name":"wp","href":"https:\/\/api.w.org\/{rel}","templated":true}]}}