{"id":3429,"date":"2021-02-17T13:01:54","date_gmt":"2021-02-17T13:01:54","guid":{"rendered":"https:\/\/www.lilac-project.com\/ga\/?page_id=3429"},"modified":"2021-11-04T16:46:48","modified_gmt":"2021-11-04T16:46:48","slug":"news","status":"publish","type":"page","link":"https:\/\/www.lilac-project.com\/ga\/news\/","title":{"rendered":"Tionscadal LILAC \u2014 an sc\u00e9al is deireanna\u00ed"},"content":{"rendered":"<div data-elementor-type=\"wp-page\" data-elementor-id=\"3429\" class=\"elementor elementor-3429\">\n\t\t\t\t\t\t<section class=\"elementor-section elementor-top-section elementor-element elementor-element-06cecc5 elementor-section-boxed elementor-section-height-default elementor-section-height-default\" data-id=\"06cecc5\" data-element_type=\"section\" data-e-type=\"section\">\n\t\t\t\t\t\t<div class=\"elementor-container elementor-column-gap-default\">\n\t\t\t\t\t<div class=\"elementor-column elementor-col-100 elementor-top-column elementor-element elementor-element-50ba801\" data-id=\"50ba801\" data-element_type=\"column\" data-e-type=\"column\">\n\t\t\t<div class=\"elementor-widget-wrap elementor-element-populated\">\n\t\t\t\t\t\t<div class=\"elementor-element elementor-element-7ecc238 elementor-widget elementor-widget-heading\" data-id=\"7ecc238\" data-element_type=\"widget\" data-e-type=\"widget\" data-widget_type=\"heading.default\">\n\t\t\t\t<div class=\"elementor-widget-container\">\n\t\t\t\t\t<h2 class=\"elementor-heading-title elementor-size-default\">An sc\u00e9al is deireanna\u00ed<\/h2>\t\t\t\t<\/div>\n\t\t\t\t<\/div>\n\t\t\t\t\t<\/div>\n\t\t<\/div>\n\t\t\t\t\t<\/div>\n\t\t<\/section>\n\t\t\t\t<section class=\"elementor-section elementor-top-section elementor-element elementor-element-06ec2d0 elementor-section-boxed elementor-section-height-default elementor-section-height-default\" data-id=\"06ec2d0\" data-element_type=\"section\" data-e-type=\"section\">\n\t\t\t\t\t\t<div class=\"elementor-container elementor-column-gap-default\">\n\t\t\t\t\t<div class=\"elementor-column elementor-col-100 elementor-top-column elementor-element elementor-element-e660c7d\" data-id=\"e660c7d\" data-element_type=\"column\" data-e-type=\"column\">\n\t\t\t<div class=\"elementor-widget-wrap elementor-element-populated\">\n\t\t\t\t\t\t<div class=\"elementor-element elementor-element-9d2454c elementor-widget elementor-widget-heading\" data-id=\"9d2454c\" data-element_type=\"widget\" data-e-type=\"widget\" data-widget_type=\"heading.default\">\n\t\t\t\t<div class=\"elementor-widget-container\">\n\t\t\t\t\t<h2 class=\"elementor-heading-title elementor-size-default\"><span style=\"font-family: var( --e-global-typography-primary-font-family ), Sans-serif;font-size: 20px;font-style: normal;font-weight: var( --e-global-typography-primary-font-weight )\">For-rochtain<\/span><\/h2>\t\t\t\t<\/div>\n\t\t\t\t<\/div>\n\t\t\t\t<div class=\"elementor-element elementor-element-42fb89f elementor-widget elementor-widget-text-editor\" data-id=\"42fb89f\" data-element_type=\"widget\" data-e-type=\"widget\" data-widget_type=\"text-editor.default\">\n\t\t\t\t<div class=\"elementor-widget-container\">\n\t\t\t\t\t\t\t\t\t<ul><li><span style=\"color: #000000;\">Seimine\u00e1r am l\u00f3in CELT, O\u00c9G 15\u00fa Aibre\u00e1n 2021<\/span><\/li><li><span style=\"color: #000000;\"><em>Teaching and Learning Initiatives<\/em>, Scoil na dTeangacha, na Litr\u00edochta\u00ed \u204a na gCult\u00far, O\u00c9 Gaillimh, 6\u00fa M\u00ed I\u00fail 2021<\/span><\/li><\/ul>\t\t\t\t\t\t\t\t<\/div>\n\t\t\t\t<\/div>\n\t\t\t\t<div class=\"elementor-element elementor-element-f3fac3e elementor-widget elementor-widget-heading\" data-id=\"f3fac3e\" data-element_type=\"widget\" data-e-type=\"widget\" data-widget_type=\"heading.default\">\n\t\t\t\t<div class=\"elementor-widget-container\">\n\t\t\t\t\t<h2 class=\"elementor-heading-title elementor-size-default\"><span style=\"font-family: var( --e-global-typography-primary-font-family ), Sans-serif;font-size: 20px;font-style: normal;font-weight: var( --e-global-typography-primary-font-weight )\">P\u00e1ip\u00e9ir<\/span><\/h2>\t\t\t\t<\/div>\n\t\t\t\t<\/div>\n\t\t\t\t<div class=\"elementor-element elementor-element-c64c7d0 elementor-widget elementor-widget-text-editor\" data-id=\"c64c7d0\" data-element_type=\"widget\" data-e-type=\"widget\" data-widget_type=\"text-editor.default\">\n\t\t\t\t<div class=\"elementor-widget-container\">\n\t\t\t\t\t\t\t\t\t<ul><li><span style=\"color: #000000;\">Nicora F., Bologna O., McLoughlin L. (glacadh leis) \u2018Higher Education and new trends in the digitalised labour market: broaden language students&#8217; horizons\u2019.<\/span><\/li><li><span style=\"color: #000000;\">Nicora F., Bologna O., McLoughlin L. (\u00e1 ullmh\u00fa) &#8216;Open Educational Resources for online language teacher training: conceptual framework and practical implementation&#8217;.<\/span><\/li><\/ul>\t\t\t\t\t\t\t\t<\/div>\n\t\t\t\t<\/div>\n\t\t\t\t<div class=\"elementor-element elementor-element-eba427b elementor-widget elementor-widget-heading\" data-id=\"eba427b\" data-element_type=\"widget\" data-e-type=\"widget\" data-widget_type=\"heading.default\">\n\t\t\t\t<div class=\"elementor-widget-container\">\n\t\t\t\t\t<h2 class=\"elementor-heading-title elementor-size-default\">Comhdh\u00e1ileacha<\/h2>\t\t\t\t<\/div>\n\t\t\t\t<\/div>\n\t\t\t\t<div class=\"elementor-element elementor-element-6a65d34 elementor-widget elementor-widget-text-editor\" data-id=\"6a65d34\" data-element_type=\"widget\" data-e-type=\"widget\" data-widget_type=\"text-editor.default\">\n\t\t\t\t<div class=\"elementor-widget-container\">\n\t\t\t\t\t\t\t\t\t<ul><li><span style=\"color: #000000;\">\u2018The LILAC Project: helping language teachers and learners to master online environments\u2019, Applying Linguistics in the 21<sup>st<\/sup> The 2020 IRAAL Annual Conference, Dublin, Ireland, 26-27 November 2021.<\/span><\/li><li><span style=\"color: #000000;\">&#8216;Insegnare lingue online: sfide pratiche, risvolti teorici e necessit\u00e0 formative&#8217;, The Canadian Association for Italian Studies. Annual Conference, Ryerson University, Toronto, Canada, (online), 04-05 June 2021.<\/span><\/li><li><span style=\"color: #000000;\">&#8216;Open Educational Resources (OERs) for online language teacher training: conceptual framework and practical implementation&#8217;, EdTech 2021 Shaping Education Post Pandemic: Pockets of Innovation for Bulding Back Better&#8217;, Ireland (online), 27-28 May 2021.<\/span><\/li><li><span style=\"color: #000000;\">The LILAC Project: enhancing students career planning skills through an interactive online module, virtual training and new assessment models\u2019, International Conference on visual literacy and digital communication: the role of media in new educational practice, Universidad Complutense de Madrid, Spain, 18-19 December 2020.<\/span><\/li><li><span style=\"color: #000000;\">\u2018The LILAC Project: Open Educational Resources to train language teachers in online teaching and assessments\u2019, 5<sup>th<\/sup> International techLING Congress \u2013 Languages, Linguistics and Technology, University of Aveiro, Portugal, 15-16 October 2020.<\/span><\/li><\/ul>\t\t\t\t\t\t\t\t<\/div>\n\t\t\t\t<\/div>\n\t\t\t\t\t<\/div>\n\t\t<\/div>\n\t\t\t\t\t<\/div>\n\t\t<\/section>\n\t\t\t\t<section class=\"elementor-section elementor-top-section elementor-element elementor-element-2e6c9b3 elementor-section-content-middle elementor-section-boxed elementor-section-height-default elementor-section-height-default\" data-id=\"2e6c9b3\" data-element_type=\"section\" data-e-type=\"section\">\n\t\t\t\t\t\t<div class=\"elementor-container elementor-column-gap-default\">\n\t\t\t\t\t<div class=\"elementor-column elementor-col-100 elementor-top-column elementor-element elementor-element-b06bbe2\" data-id=\"b06bbe2\" data-element_type=\"column\" data-e-type=\"column\">\n\t\t\t<div class=\"elementor-widget-wrap elementor-element-populated\">\n\t\t\t\t\t\t<div class=\"elementor-element elementor-element-e3853fa elementor-widget elementor-widget-image\" data-id=\"e3853fa\" data-element_type=\"widget\" data-e-type=\"widget\" data-widget_type=\"image.default\">\n\t\t\t\t<div class=\"elementor-widget-container\">\n\t\t\t\t\t\t\t\t\t\t\t\t\t\t\t<img fetchpriority=\"high\" decoding=\"async\" width=\"768\" height=\"754\" src=\"https:\/\/www.lilac-project.com\/ga\/wp-content\/uploads\/2020\/11\/people-3245739_1280-768x754.png\" class=\"attachment-medium_large size-medium_large wp-image-1387\" alt=\"\" srcset=\"https:\/\/www.lilac-project.com\/ga\/wp-content\/uploads\/2020\/11\/people-3245739_1280-768x754.png 768w, https:\/\/www.lilac-project.com\/ga\/wp-content\/uploads\/2020\/11\/people-3245739_1280-300x294.png 300w, https:\/\/www.lilac-project.com\/ga\/wp-content\/uploads\/2020\/11\/people-3245739_1280-1024x1005.png 1024w, https:\/\/www.lilac-project.com\/ga\/wp-content\/uploads\/2020\/11\/people-3245739_1280.png 1280w\" sizes=\"(max-width: 768px) 100vw, 768px\" \/>\t\t\t\t\t\t\t\t\t\t\t\t\t\t\t<\/div>\n\t\t\t\t<\/div>\n\t\t\t\t\t<\/div>\n\t\t<\/div>\n\t\t\t\t\t<\/div>\n\t\t<\/section>\n\t\t\t\t<\/div>","protected":false},"excerpt":{"rendered":"<p>An sc\u00e9al is deireanna\u00ed For-rochtain Seimine\u00e1r am l\u00f3in CELT, O\u00c9G 15\u00fa Aibre\u00e1n 2021 Teaching and Learning Initiatives, Scoil na dTeangacha, na Litr\u00edochta\u00ed \u204a na gCult\u00far, O\u00c9 Gaillimh, 6\u00fa M\u00ed I\u00fail 2021 P\u00e1ip\u00e9ir Nicora F., Bologna O., McLoughlin L. (glacadh leis) \u2018Higher Education and new trends in the digitalised labour market: broaden language students&#8217; horizons\u2019. Nicora [&hellip;]<\/p>\n","protected":false},"author":1,"featured_media":0,"parent":0,"menu_order":0,"comment_status":"closed","ping_status":"closed","template":"","meta":{"_monsterinsights_skip_tracking":false,"_monsterinsights_sitenote_active":false,"_monsterinsights_sitenote_note":"","_monsterinsights_sitenote_category":0,"ocean_post_layout":"full-width","ocean_both_sidebars_style":"","ocean_both_sidebars_content_width":0,"ocean_both_sidebars_sidebars_width":0,"ocean_sidebar":"0","ocean_second_sidebar":"0","ocean_disable_margins":"enable","ocean_add_body_class":"","ocean_shortcode_before_top_bar":"","ocean_shortcode_after_top_bar":"","ocean_shortcode_before_header":"","ocean_shortcode_after_header":"","ocean_has_shortcode":"","ocean_shortcode_after_title":"","ocean_shortcode_before_footer_widgets":"","ocean_shortcode_after_footer_widgets":"","ocean_shortcode_before_footer_bottom":"","ocean_shortcode_after_footer_bottom":"","ocean_display_top_bar":"default","ocean_display_header":"default","ocean_header_style":"","ocean_center_header_left_menu":"0","ocean_custom_header_template":"0","ocean_custom_logo":0,"ocean_custom_retina_logo":0,"ocean_custom_logo_max_width":0,"ocean_custom_logo_tablet_max_width":0,"ocean_custom_logo_mobile_max_width":0,"ocean_custom_logo_max_height":0,"ocean_custom_logo_tablet_max_height":0,"ocean_custom_logo_mobile_max_height":0,"ocean_header_custom_menu":"0","ocean_menu_typo_font_family":"0","ocean_menu_typo_font_subset":"","ocean_menu_typo_font_size":0,"ocean_menu_typo_font_size_tablet":0,"ocean_menu_typo_font_size_mobile":0,"ocean_menu_typo_font_size_unit":"px","ocean_menu_typo_font_weight":"","ocean_menu_typo_font_weight_tablet":"","ocean_menu_typo_font_weight_mobile":"","ocean_menu_typo_transform":"","ocean_menu_typo_transform_tablet":"","ocean_menu_typo_transform_mobile":"","ocean_menu_typo_line_height":0,"ocean_menu_typo_line_height_tablet":0,"ocean_menu_typo_line_height_mobile":0,"ocean_menu_typo_line_height_unit":"","ocean_menu_typo_spacing":0,"ocean_menu_typo_spacing_tablet":0,"ocean_menu_typo_spacing_mobile":0,"ocean_menu_typo_spacing_unit":"","ocean_menu_link_color":"","ocean_menu_link_color_hover":"","ocean_menu_link_color_active":"","ocean_menu_link_background":"","ocean_menu_link_hover_background":"","ocean_menu_link_active_background":"","ocean_menu_social_links_bg":"","ocean_menu_social_hover_links_bg":"","ocean_menu_social_links_color":"","ocean_menu_social_hover_links_color":"","ocean_disable_title":"on","ocean_disable_heading":"default","ocean_post_title":"","ocean_post_subheading":"","ocean_post_title_style":"","ocean_post_title_background_color":"","ocean_post_title_background":0,"ocean_post_title_bg_image_position":"","ocean_post_title_bg_image_attachment":"","ocean_post_title_bg_image_repeat":"","ocean_post_title_bg_image_size":"","ocean_post_title_height":0,"ocean_post_title_bg_overlay":0.5,"ocean_post_title_bg_overlay_color":"","ocean_disable_breadcrumbs":"default","ocean_breadcrumbs_color":"","ocean_breadcrumbs_separator_color":"","ocean_breadcrumbs_links_color":"","ocean_breadcrumbs_links_hover_color":"","ocean_display_footer_widgets":"default","ocean_display_footer_bottom":"default","ocean_custom_footer_template":"0","footnotes":""},"class_list":["post-3429","page","type-page","status-publish","hentry","entry"],"_links":{"self":[{"href":"https:\/\/www.lilac-project.com\/ga\/wp-json\/wp\/v2\/pages\/3429","targetHints":{"allow":["GET"]}}],"collection":[{"href":"https:\/\/www.lilac-project.com\/ga\/wp-json\/wp\/v2\/pages"}],"about":[{"href":"https:\/\/www.lilac-project.com\/ga\/wp-json\/wp\/v2\/types\/page"}],"author":[{"embeddable":true,"href":"https:\/\/www.lilac-project.com\/ga\/wp-json\/wp\/v2\/users\/1"}],"replies":[{"embeddable":true,"href":"https:\/\/www.lilac-project.com\/ga\/wp-json\/wp\/v2\/comments?post=3429"}],"version-history":[{"count":160,"href":"https:\/\/www.lilac-project.com\/ga\/wp-json\/wp\/v2\/pages\/3429\/revisions"}],"predecessor-version":[{"id":6556,"href":"https:\/\/www.lilac-project.com\/ga\/wp-json\/wp\/v2\/pages\/3429\/revisions\/6556"}],"wp:attachment":[{"href":"https:\/\/www.lilac-project.com\/ga\/wp-json\/wp\/v2\/media?parent=3429"}],"curies":[{"name":"wp","href":"https:\/\/api.w.org\/{rel}","templated":true}]}}