{"id":8,"date":"2020-02-19T10:59:20","date_gmt":"2020-02-19T10:59:20","guid":{"rendered":"https:\/\/www.lilac-project.com\/ga\/?page_id=8"},"modified":"2021-06-18T10:46:02","modified_gmt":"2021-06-18T09:46:02","slug":"home","status":"publish","type":"page","link":"https:\/\/www.lilac-project.com\/ga\/","title":{"rendered":"LILAC Project"},"content":{"rendered":"<div data-elementor-type=\"wp-page\" data-elementor-id=\"8\" class=\"elementor elementor-8\">\n\t\t\t\t\t\t<section class=\"elementor-section elementor-top-section elementor-element elementor-element-40b0b11 elementor-section-height-min-height elementor-section-boxed elementor-section-height-default elementor-section-items-middle\" data-id=\"40b0b11\" data-element_type=\"section\" data-e-type=\"section\" data-settings=\"{&quot;background_background&quot;:&quot;classic&quot;}\">\n\t\t\t\t\t\t<div class=\"elementor-container elementor-column-gap-default\">\n\t\t\t\t\t<div class=\"elementor-column elementor-col-100 elementor-top-column elementor-element elementor-element-02371d8\" data-id=\"02371d8\" data-element_type=\"column\" data-e-type=\"column\">\n\t\t\t<div class=\"elementor-widget-wrap elementor-element-populated\">\n\t\t\t\t\t\t\t<\/div>\n\t\t<\/div>\n\t\t\t\t\t<\/div>\n\t\t<\/section>\n\t\t\t\t<section class=\"elementor-section elementor-top-section elementor-element elementor-element-63c1119 elementor-section-boxed elementor-section-height-default elementor-section-height-default\" data-id=\"63c1119\" data-element_type=\"section\" data-e-type=\"section\">\n\t\t\t\t\t\t<div class=\"elementor-container elementor-column-gap-default\">\n\t\t\t\t\t<div class=\"elementor-column elementor-col-100 elementor-top-column elementor-element elementor-element-fbea63f\" data-id=\"fbea63f\" data-element_type=\"column\" data-e-type=\"column\">\n\t\t\t<div class=\"elementor-widget-wrap elementor-element-populated\">\n\t\t\t\t\t\t<div class=\"elementor-element elementor-element-e58b57b elementor-widget elementor-widget-heading\" data-id=\"e58b57b\" data-element_type=\"widget\" data-e-type=\"widget\" data-widget_type=\"heading.default\">\n\t\t\t\t<div class=\"elementor-widget-container\">\n\t\t\t\t\t<h1 class=\"elementor-heading-title elementor-size-xl\"><i>on<b style=\"color:#813C93\">li<\/b>ne <b style=\"color:#813C93\">l<\/b>anguage le<b style=\"color:#813C93\">a<\/b>rning and tea<b style=\"color:#813C93\">c<\/b>hing<\/i><\/h1>\t\t\t\t<\/div>\n\t\t\t\t<\/div>\n\t\t\t\t\t<\/div>\n\t\t<\/div>\n\t\t\t\t\t<\/div>\n\t\t<\/section>\n\t\t\t\t<section class=\"elementor-section elementor-top-section elementor-element elementor-element-05d998c elementor-section-full_width elementor-section-height-default elementor-section-height-default\" data-id=\"05d998c\" data-element_type=\"section\" data-e-type=\"section\">\n\t\t\t\t\t\t<div class=\"elementor-container elementor-column-gap-narrow\">\n\t\t\t\t\t<div class=\"elementor-column elementor-col-33 elementor-top-column elementor-element elementor-element-da614f6\" data-id=\"da614f6\" data-element_type=\"column\" data-e-type=\"column\" data-settings=\"{&quot;background_background&quot;:&quot;classic&quot;}\">\n\t\t\t<div class=\"elementor-widget-wrap elementor-element-populated\">\n\t\t\t\t\t\t<div class=\"elementor-element elementor-element-b23fa17 elementor-widget elementor-widget-image\" data-id=\"b23fa17\" data-element_type=\"widget\" data-e-type=\"widget\" data-widget_type=\"image.default\">\n\t\t\t\t<div class=\"elementor-widget-container\">\n\t\t\t\t\t\t\t\t\t\t\t\t\t\t\t\t<a href=\"https:\/\/www.lilac-project.com\/ga\/students\/students-the-module\/\">\n\t\t\t\t\t\t\t<img fetchpriority=\"high\" decoding=\"async\" width=\"768\" height=\"545\" src=\"https:\/\/www.lilac-project.com\/ga\/wp-content\/uploads\/2021\/06\/students-module-4-ga-768x545.jpg\" class=\"attachment-medium_large size-medium_large wp-image-5703\" alt=\"\" srcset=\"https:\/\/www.lilac-project.com\/ga\/wp-content\/uploads\/2021\/06\/students-module-4-ga-768x545.jpg 768w, https:\/\/www.lilac-project.com\/ga\/wp-content\/uploads\/2021\/06\/students-module-4-ga-300x213.jpg 300w, https:\/\/www.lilac-project.com\/ga\/wp-content\/uploads\/2021\/06\/students-module-4-ga-1024x727.jpg 1024w, https:\/\/www.lilac-project.com\/ga\/wp-content\/uploads\/2021\/06\/students-module-4-ga-1536x1090.jpg 1536w, https:\/\/www.lilac-project.com\/ga\/wp-content\/uploads\/2021\/06\/students-module-4-ga.jpg 1747w\" sizes=\"(max-width: 768px) 100vw, 768px\" \/>\t\t\t\t\t\t\t\t<\/a>\n\t\t\t\t\t\t\t\t\t\t\t\t\t\t\t<\/div>\n\t\t\t\t<\/div>\n\t\t\t\t<div class=\"elementor-element elementor-element-4683bee elementor-widget elementor-widget-text-editor\" data-id=\"4683bee\" data-element_type=\"widget\" data-e-type=\"widget\" data-widget_type=\"text-editor.default\">\n\t\t\t\t<div class=\"elementor-widget-container\">\n\t\t\t\t\t\t\t\t\t<h3 style=\"text-align: center; font-family: Lato,sans-serif; color: #704159;\">\u00a0<a style=\"font-size: 18px; color: #ffffff;\" href=\"https:\/\/www.lilac-project.com\/ga\/students\/students-the-module\/\">Mod\u00fal na Mac L\u00e9inn<\/a><\/h3>\n<div><\/div>\t\t\t\t\t\t\t\t<\/div>\n\t\t\t\t<\/div>\n\t\t\t\t\t<\/div>\n\t\t<\/div>\n\t\t\t\t<div class=\"elementor-column elementor-col-33 elementor-top-column elementor-element elementor-element-4f12117\" data-id=\"4f12117\" data-element_type=\"column\" data-e-type=\"column\" data-settings=\"{&quot;background_background&quot;:&quot;classic&quot;}\">\n\t\t\t<div class=\"elementor-widget-wrap elementor-element-populated\">\n\t\t\t\t\t\t<div class=\"elementor-element elementor-element-8e0ddf4 elementor-widget elementor-widget-video\" data-id=\"8e0ddf4\" data-element_type=\"widget\" data-e-type=\"widget\" data-settings=\"{&quot;youtube_url&quot;:&quot;https:\\\/\\\/www.youtube.com\\\/watch?v=RuUF_2_2plA&quot;,&quot;yt_privacy&quot;:&quot;yes&quot;,&quot;image_overlay&quot;:{&quot;url&quot;:&quot;https:\\\/\\\/www.lilac-project.com\\\/ga\\\/wp-content\\\/uploads\\\/2021\\\/06\\\/students-module-12-ga.jpg&quot;,&quot;id&quot;:5706,&quot;size&quot;:&quot;&quot;},&quot;show_image_overlay&quot;:&quot;yes&quot;,&quot;lightbox&quot;:&quot;yes&quot;,&quot;video_type&quot;:&quot;youtube&quot;,&quot;controls&quot;:&quot;yes&quot;}\" data-widget_type=\"video.default\">\n\t\t\t\t<div class=\"elementor-widget-container\">\n\t\t\t\t\t\t\t<div class=\"elementor-wrapper elementor-open-lightbox\">\n\t\t\t\t\t\t\t<div class=\"elementor-custom-embed-image-overlay\" data-elementor-open-lightbox=\"yes\" data-elementor-lightbox=\"{&quot;type&quot;:&quot;video&quot;,&quot;videoType&quot;:&quot;youtube&quot;,&quot;url&quot;:&quot;https:\\\/\\\/www.youtube-nocookie.com\\\/embed\\\/RuUF_2_2plA?feature=oembed&amp;start&amp;end&amp;wmode=opaque&amp;loop=0&amp;controls=1&amp;mute=0&amp;rel=0&amp;cc_load_policy=0&quot;,&quot;autoplay&quot;:&quot;&quot;,&quot;modalOptions&quot;:{&quot;id&quot;:&quot;elementor-lightbox-8e0ddf4&quot;,&quot;entranceAnimation&quot;:&quot;&quot;,&quot;entranceAnimation_tablet&quot;:&quot;&quot;,&quot;entranceAnimation_mobile&quot;:&quot;&quot;,&quot;videoAspectRatio&quot;:&quot;169&quot;}}\" data-e-action-hash=\"#elementor-action%3Aaction%3Dlightbox%26settings%3DeyJ0eXBlIjoidmlkZW8iLCJ2aWRlb1R5cGUiOiJ5b3V0dWJlIiwidXJsIjoiaHR0cHM6XC9cL3d3dy55b3V0dWJlLW5vY29va2llLmNvbVwvZW1iZWRcL1J1VUZfMl8ycGxBP2ZlYXR1cmU9b2VtYmVkJnN0YXJ0JmVuZCZ3bW9kZT1vcGFxdWUmbG9vcD0wJmNvbnRyb2xzPTEmbXV0ZT0wJnJlbD0wJmNjX2xvYWRfcG9saWN5PTAiLCJhdXRvcGxheSI6IiIsIm1vZGFsT3B0aW9ucyI6eyJpZCI6ImVsZW1lbnRvci1saWdodGJveC04ZTBkZGY0IiwiZW50cmFuY2VBbmltYXRpb24iOiIiLCJlbnRyYW5jZUFuaW1hdGlvbl90YWJsZXQiOiIiLCJlbnRyYW5jZUFuaW1hdGlvbl9tb2JpbGUiOiIiLCJ2aWRlb0FzcGVjdFJhdGlvIjoiMTY5In19\">\n\t\t\t\t\t\t\t\t\t\t\t<img decoding=\"async\" width=\"1747\" height=\"1240\" src=\"https:\/\/www.lilac-project.com\/ga\/wp-content\/uploads\/2021\/06\/students-module-12-ga.jpg\" class=\"attachment-full size-full wp-image-5706\" alt=\"\" srcset=\"https:\/\/www.lilac-project.com\/ga\/wp-content\/uploads\/2021\/06\/students-module-12-ga.jpg 1747w, https:\/\/www.lilac-project.com\/ga\/wp-content\/uploads\/2021\/06\/students-module-12-ga-300x213.jpg 300w, https:\/\/www.lilac-project.com\/ga\/wp-content\/uploads\/2021\/06\/students-module-12-ga-1024x727.jpg 1024w, https:\/\/www.lilac-project.com\/ga\/wp-content\/uploads\/2021\/06\/students-module-12-ga-768x545.jpg 768w, https:\/\/www.lilac-project.com\/ga\/wp-content\/uploads\/2021\/06\/students-module-12-ga-1536x1090.jpg 1536w\" sizes=\"(max-width: 1747px) 100vw, 1747px\" \/>\t\t\t\t\t\t\t\t\t\t\t\t\t\t\t\t<div class=\"elementor-custom-embed-play\" role=\"button\" aria-label=\"Play Video\" tabindex=\"0\">\n\t\t\t\t\t\t\t<i aria-hidden=\"true\" class=\"eicon-play\"><\/i>\t\t\t\t\t\t<\/div>\n\t\t\t\t\t\t\t\t\t<\/div>\n\t\t\t\t\t<\/div>\n\t\t\t\t\t\t<\/div>\n\t\t\t\t<\/div>\n\t\t\t\t<div class=\"elementor-element elementor-element-8811dd0 elementor-widget elementor-widget-text-editor\" data-id=\"8811dd0\" data-element_type=\"widget\" data-e-type=\"widget\" data-widget_type=\"text-editor.default\">\n\t\t\t\t<div class=\"elementor-widget-container\">\n\t\t\t\t\t\t\t\t\t<h3 style=\"text-align: center; font-family: Lato,sans-serif; color: #704159;\"><span style=\"color: #ffffff;\">Faoi LILAC<\/span><\/h3>\n<div><\/div>\t\t\t\t\t\t\t\t<\/div>\n\t\t\t\t<\/div>\n\t\t\t\t\t<\/div>\n\t\t<\/div>\n\t\t\t\t<div class=\"elementor-column elementor-col-33 elementor-top-column elementor-element elementor-element-5db66b4\" data-id=\"5db66b4\" data-element_type=\"column\" data-e-type=\"column\" data-settings=\"{&quot;background_background&quot;:&quot;classic&quot;}\">\n\t\t\t<div class=\"elementor-widget-wrap elementor-element-populated\">\n\t\t\t\t\t\t<div class=\"elementor-element elementor-element-5768176 elementor-widget elementor-widget-image\" data-id=\"5768176\" data-element_type=\"widget\" data-e-type=\"widget\" data-widget_type=\"image.default\">\n\t\t\t\t<div class=\"elementor-widget-container\">\n\t\t\t\t\t\t\t\t\t\t\t\t\t\t\t\t<a href=\"https:\/\/www.lilac-project.com\/ga\/teachers\/teachers-the-module\/\">\n\t\t\t\t\t\t\t<img decoding=\"async\" width=\"768\" height=\"545\" src=\"https:\/\/www.lilac-project.com\/ga\/wp-content\/uploads\/2021\/06\/students-module-3-ga-768x545.jpg\" class=\"attachment-medium_large size-medium_large wp-image-5702\" alt=\"\" srcset=\"https:\/\/www.lilac-project.com\/ga\/wp-content\/uploads\/2021\/06\/students-module-3-ga-768x545.jpg 768w, https:\/\/www.lilac-project.com\/ga\/wp-content\/uploads\/2021\/06\/students-module-3-ga-300x213.jpg 300w, https:\/\/www.lilac-project.com\/ga\/wp-content\/uploads\/2021\/06\/students-module-3-ga-1024x727.jpg 1024w, https:\/\/www.lilac-project.com\/ga\/wp-content\/uploads\/2021\/06\/students-module-3-ga-1536x1090.jpg 1536w, https:\/\/www.lilac-project.com\/ga\/wp-content\/uploads\/2021\/06\/students-module-3-ga.jpg 1747w\" sizes=\"(max-width: 768px) 100vw, 768px\" \/>\t\t\t\t\t\t\t\t<\/a>\n\t\t\t\t\t\t\t\t\t\t\t\t\t\t\t<\/div>\n\t\t\t\t<\/div>\n\t\t\t\t<div class=\"elementor-element elementor-element-9a9cd6f elementor-widget elementor-widget-text-editor\" data-id=\"9a9cd6f\" data-element_type=\"widget\" data-e-type=\"widget\" data-widget_type=\"text-editor.default\">\n\t\t\t\t<div class=\"elementor-widget-container\">\n\t\t\t\t\t\t\t\t\t<h3>\u00a0<a style=\"font-size: 18px; color: #ffffff;\" href=\"https:\/\/www.lilac-project.com\/ga\/teachers\/teachers-the-module\/\">Mod\u00fal na M\u00fainteoir\u00ed<\/a><\/h3>\n<div><\/div>\t\t\t\t\t\t\t\t<\/div>\n\t\t\t\t<\/div>\n\t\t\t\t\t<\/div>\n\t\t<\/div>\n\t\t\t\t\t<\/div>\n\t\t<\/section>\n\t\t\t\t<section class=\"elementor-section elementor-top-section elementor-element elementor-element-e8eade7 elementor-section-full_width elementor-section-height-default elementor-section-height-default\" data-id=\"e8eade7\" data-element_type=\"section\" data-e-type=\"section\">\n\t\t\t\t\t\t<div class=\"elementor-container elementor-column-gap-default\">\n\t\t\t\t\t<div class=\"elementor-column elementor-col-100 elementor-top-column elementor-element elementor-element-a2111fb\" data-id=\"a2111fb\" data-element_type=\"column\" data-e-type=\"column\" data-settings=\"{&quot;background_background&quot;:&quot;classic&quot;}\">\n\t\t\t<div class=\"elementor-widget-wrap elementor-element-populated\">\n\t\t\t\t\t\t<section class=\"elementor-section elementor-inner-section elementor-element elementor-element-028874c elementor-section-boxed elementor-section-height-default elementor-section-height-default\" data-id=\"028874c\" data-element_type=\"section\" data-e-type=\"section\">\n\t\t\t\t\t\t<div class=\"elementor-container elementor-column-gap-default\">\n\t\t\t\t\t<div class=\"elementor-column elementor-col-33 elementor-inner-column elementor-element elementor-element-8c6cf01\" data-id=\"8c6cf01\" data-element_type=\"column\" data-e-type=\"column\">\n\t\t\t<div class=\"elementor-widget-wrap elementor-element-populated\">\n\t\t\t\t\t\t<div class=\"elementor-element elementor-element-2a2be83 elementor-widget elementor-widget-image\" data-id=\"2a2be83\" data-element_type=\"widget\" data-e-type=\"widget\" data-widget_type=\"image.default\">\n\t\t\t\t<div class=\"elementor-widget-container\">\n\t\t\t\t\t\t\t\t\t\t\t\t\t\t\t\t<a href=\"https:\/\/www.lilac-project.com\/ga\/about\/\">\n\t\t\t\t\t\t\t<img loading=\"lazy\" decoding=\"async\" width=\"1024\" height=\"727\" src=\"https:\/\/www.lilac-project.com\/ga\/wp-content\/uploads\/2021\/06\/students-module-6-ga-1024x727.jpg\" class=\"attachment-large size-large wp-image-5704\" alt=\"\" srcset=\"https:\/\/www.lilac-project.com\/ga\/wp-content\/uploads\/2021\/06\/students-module-6-ga-1024x727.jpg 1024w, https:\/\/www.lilac-project.com\/ga\/wp-content\/uploads\/2021\/06\/students-module-6-ga-300x213.jpg 300w, https:\/\/www.lilac-project.com\/ga\/wp-content\/uploads\/2021\/06\/students-module-6-ga-768x545.jpg 768w, https:\/\/www.lilac-project.com\/ga\/wp-content\/uploads\/2021\/06\/students-module-6-ga-1536x1090.jpg 1536w, https:\/\/www.lilac-project.com\/ga\/wp-content\/uploads\/2021\/06\/students-module-6-ga.jpg 1747w\" sizes=\"(max-width: 1024px) 100vw, 1024px\" \/>\t\t\t\t\t\t\t\t<\/a>\n\t\t\t\t\t\t\t\t\t\t\t\t\t\t\t<\/div>\n\t\t\t\t<\/div>\n\t\t\t\t<div class=\"elementor-element elementor-element-ab75814 elementor-widget elementor-widget-text-editor\" data-id=\"ab75814\" data-element_type=\"widget\" data-e-type=\"widget\" data-widget_type=\"text-editor.default\">\n\t\t\t\t<div class=\"elementor-widget-container\">\n\t\t\t\t\t\t\t\t\t<h3 style=\"text-align: center; font-family: Lato,sans-serif; color: #704159;\"><a href=\"https:\/\/www.lilac-project.com\/ga\/about\/\"><span style=\"color: #ffffff;\">The LILAC Team<\/span><\/a><\/h3>\t\t\t\t\t\t\t\t<\/div>\n\t\t\t\t<\/div>\n\t\t\t\t\t<\/div>\n\t\t<\/div>\n\t\t\t\t<div class=\"elementor-column elementor-col-33 elementor-inner-column elementor-element elementor-element-7beac5b\" data-id=\"7beac5b\" data-element_type=\"column\" data-e-type=\"column\">\n\t\t\t<div class=\"elementor-widget-wrap elementor-element-populated\">\n\t\t\t\t\t\t<div class=\"elementor-element elementor-element-3615a42 elementor-widget elementor-widget-text-editor\" data-id=\"3615a42\" data-element_type=\"widget\" data-e-type=\"widget\" data-widget_type=\"text-editor.default\">\n\t\t\t\t<div class=\"elementor-widget-container\">\n\t\t\t\t\t\t\t\t\t<blockquote><h3 style=\"text-align: center;\"><span style=\"color: #ffffff;\">na m\u00fainteoir\u00ed a oili\u00faint,<br \/>na mic l\u00e9inn a spreagadh<\/span><\/h3><\/blockquote><p style=\"text-align: center;\"><span style=\"color: #ffffff;\">\u00a0<\/span><\/p><p style=\"text-align: center;\"><span style=\"color: #ffffff;\">Is \u00ed aidhm an tionscadail n\u00e1 cabhr\u00fa le m\u00fainteoir\u00ed teanga agus le mic l\u00e9inn teanga agus iad ag iarraidh a gcuid scileanna digiteacha a fhorbairt, chomh maith le muin\u00edn a choth\u00fa iontu chun dul i ngleic le timpeallachta\u00ed foghlama ar l\u00edne.<\/span><\/p>\t\t\t\t\t\t\t\t<\/div>\n\t\t\t\t<\/div>\n\t\t\t\t\t<\/div>\n\t\t<\/div>\n\t\t\t\t<div class=\"elementor-column elementor-col-33 elementor-inner-column elementor-element elementor-element-5530317\" data-id=\"5530317\" data-element_type=\"column\" data-e-type=\"column\">\n\t\t\t<div class=\"elementor-widget-wrap elementor-element-populated\">\n\t\t\t\t\t\t<div class=\"elementor-element elementor-element-32b32d3 elementor-widget elementor-widget-image\" data-id=\"32b32d3\" data-element_type=\"widget\" data-e-type=\"widget\" data-widget_type=\"image.default\">\n\t\t\t\t<div class=\"elementor-widget-container\">\n\t\t\t\t\t\t\t\t\t\t\t\t\t\t\t\t<a href=\"https:\/\/www.lilac-project.com\/ga\/contact\">\n\t\t\t\t\t\t\t<img loading=\"lazy\" decoding=\"async\" width=\"1024\" height=\"727\" src=\"https:\/\/www.lilac-project.com\/ga\/wp-content\/uploads\/2021\/06\/students-module-7-ga-1024x727.jpg\" class=\"attachment-large size-large wp-image-5705\" alt=\"\" srcset=\"https:\/\/www.lilac-project.com\/ga\/wp-content\/uploads\/2021\/06\/students-module-7-ga-1024x727.jpg 1024w, https:\/\/www.lilac-project.com\/ga\/wp-content\/uploads\/2021\/06\/students-module-7-ga-300x213.jpg 300w, https:\/\/www.lilac-project.com\/ga\/wp-content\/uploads\/2021\/06\/students-module-7-ga-768x545.jpg 768w, https:\/\/www.lilac-project.com\/ga\/wp-content\/uploads\/2021\/06\/students-module-7-ga-1536x1090.jpg 1536w, https:\/\/www.lilac-project.com\/ga\/wp-content\/uploads\/2021\/06\/students-module-7-ga.jpg 1747w\" sizes=\"(max-width: 1024px) 100vw, 1024px\" \/>\t\t\t\t\t\t\t\t<\/a>\n\t\t\t\t\t\t\t\t\t\t\t\t\t\t\t<\/div>\n\t\t\t\t<\/div>\n\t\t\t\t<div class=\"elementor-element elementor-element-a074c99 elementor-widget elementor-widget-text-editor\" data-id=\"a074c99\" data-element_type=\"widget\" data-e-type=\"widget\" data-widget_type=\"text-editor.default\">\n\t\t\t\t<div class=\"elementor-widget-container\">\n\t\t\t\t\t\t\t\t\t<h3 style=\"text-align: center; font-family: Lato,sans-serif; color: #704159;\"><span style=\"color: #ffffff;\"><a style=\"color: #ffffff;\" href=\"https:\/\/www.lilac-project.com\/ga\/contact\">Contact<\/a><\/span><\/h3>\t\t\t\t\t\t\t\t<\/div>\n\t\t\t\t<\/div>\n\t\t\t\t\t<\/div>\n\t\t<\/div>\n\t\t\t\t\t<\/div>\n\t\t<\/section>\n\t\t\t\t\t<\/div>\n\t\t<\/div>\n\t\t\t\t\t<\/div>\n\t\t<\/section>\n\t\t\t\t<\/div>","protected":false},"excerpt":{"rendered":"<p>online language learning and teaching \u00a0Mod\u00fal na Mac L\u00e9inn https:\/\/www.youtube.com\/watch?v=RuUF_2_2plA Faoi LILAC \u00a0Mod\u00fal na M\u00fainteoir\u00ed The LILAC Team na m\u00fainteoir\u00ed a oili\u00faint,na mic l\u00e9inn a spreagadh \u00a0 Is \u00ed aidhm an tionscadail n\u00e1 cabhr\u00fa le m\u00fainteoir\u00ed teanga agus le mic l\u00e9inn teanga agus iad ag iarraidh a gcuid scileanna digiteacha a fhorbairt, chomh maith le [&hellip;]<\/p>\n","protected":false},"author":1,"featured_media":0,"parent":0,"menu_order":0,"comment_status":"closed","ping_status":"closed","template":"","meta":{"_monsterinsights_skip_tracking":false,"_monsterinsights_sitenote_active":false,"_monsterinsights_sitenote_note":"","_monsterinsights_sitenote_category":0,"ocean_post_layout":"full-width","ocean_both_sidebars_style":"","ocean_both_sidebars_content_width":0,"ocean_both_sidebars_sidebars_width":0,"ocean_sidebar":"0","ocean_second_sidebar":"0","ocean_disable_margins":"enable","ocean_add_body_class":"","ocean_shortcode_before_top_bar":"","ocean_shortcode_after_top_bar":"","ocean_shortcode_before_header":"","ocean_shortcode_after_header":"","ocean_has_shortcode":"","ocean_shortcode_after_title":"","ocean_shortcode_before_footer_widgets":"","ocean_shortcode_after_footer_widgets":"","ocean_shortcode_before_footer_bottom":"","ocean_shortcode_after_footer_bottom":"","ocean_display_top_bar":"default","ocean_display_header":"default","ocean_header_style":"","ocean_center_header_left_menu":"0","ocean_custom_header_template":"0","ocean_custom_logo":0,"ocean_custom_retina_logo":0,"ocean_custom_logo_max_width":0,"ocean_custom_logo_tablet_max_width":0,"ocean_custom_logo_mobile_max_width":0,"ocean_custom_logo_max_height":0,"ocean_custom_logo_tablet_max_height":0,"ocean_custom_logo_mobile_max_height":0,"ocean_header_custom_menu":"0","ocean_menu_typo_font_family":"0","ocean_menu_typo_font_subset":"","ocean_menu_typo_font_size":0,"ocean_menu_typo_font_size_tablet":0,"ocean_menu_typo_font_size_mobile":0,"ocean_menu_typo_font_size_unit":"px","ocean_menu_typo_font_weight":"","ocean_menu_typo_font_weight_tablet":"","ocean_menu_typo_font_weight_mobile":"","ocean_menu_typo_transform":"","ocean_menu_typo_transform_tablet":"","ocean_menu_typo_transform_mobile":"","ocean_menu_typo_line_height":0,"ocean_menu_typo_line_height_tablet":0,"ocean_menu_typo_line_height_mobile":0,"ocean_menu_typo_line_height_unit":"","ocean_menu_typo_spacing":0,"ocean_menu_typo_spacing_tablet":0,"ocean_menu_typo_spacing_mobile":0,"ocean_menu_typo_spacing_unit":"","ocean_menu_link_color":"","ocean_menu_link_color_hover":"","ocean_menu_link_color_active":"","ocean_menu_link_background":"","ocean_menu_link_hover_background":"","ocean_menu_link_active_background":"","ocean_menu_social_links_bg":"","ocean_menu_social_hover_links_bg":"","ocean_menu_social_links_color":"","ocean_menu_social_hover_links_color":"","ocean_disable_title":"on","ocean_disable_heading":"default","ocean_post_title":"","ocean_post_subheading":"","ocean_post_title_style":"","ocean_post_title_background_color":"","ocean_post_title_background":0,"ocean_post_title_bg_image_position":"","ocean_post_title_bg_image_attachment":"","ocean_post_title_bg_image_repeat":"","ocean_post_title_bg_image_size":"","ocean_post_title_height":0,"ocean_post_title_bg_overlay":0.5,"ocean_post_title_bg_overlay_color":"","ocean_disable_breadcrumbs":"default","ocean_breadcrumbs_color":"","ocean_breadcrumbs_separator_color":"","ocean_breadcrumbs_links_color":"","ocean_breadcrumbs_links_hover_color":"","ocean_display_footer_widgets":"default","ocean_display_footer_bottom":"default","ocean_custom_footer_template":"0","footnotes":""},"class_list":["post-8","page","type-page","status-publish","hentry","entry"],"_links":{"self":[{"href":"https:\/\/www.lilac-project.com\/ga\/wp-json\/wp\/v2\/pages\/8","targetHints":{"allow":["GET"]}}],"collection":[{"href":"https:\/\/www.lilac-project.com\/ga\/wp-json\/wp\/v2\/pages"}],"about":[{"href":"https:\/\/www.lilac-project.com\/ga\/wp-json\/wp\/v2\/types\/page"}],"author":[{"embeddable":true,"href":"https:\/\/www.lilac-project.com\/ga\/wp-json\/wp\/v2\/users\/1"}],"replies":[{"embeddable":true,"href":"https:\/\/www.lilac-project.com\/ga\/wp-json\/wp\/v2\/comments?post=8"}],"version-history":[{"count":610,"href":"https:\/\/www.lilac-project.com\/ga\/wp-json\/wp\/v2\/pages\/8\/revisions"}],"predecessor-version":[{"id":5799,"href":"https:\/\/www.lilac-project.com\/ga\/wp-json\/wp\/v2\/pages\/8\/revisions\/5799"}],"wp:attachment":[{"href":"https:\/\/www.lilac-project.com\/ga\/wp-json\/wp\/v2\/media?parent=8"}],"curies":[{"name":"wp","href":"https:\/\/api.w.org\/{rel}","templated":true}]}}